{"id":25,"date":"2012-02-16T22:57:15","date_gmt":"2012-02-16T21:57:15","guid":{"rendered":"http:\/\/bokbindaren.se\/?page_id=25"},"modified":"2025-08-27T09:08:04","modified_gmt":"2025-08-27T08:08:04","slug":"om-samfalligheten","status":"publish","type":"page","link":"https:\/\/bokbindaren.se\/?page_id=25","title":{"rendered":"Om samf\u00e4lligheten"},"content":{"rendered":"\n<div class=\"wp-block-columns is-layout-flex wp-container-core-columns-is-layout-9d6595d7 wp-block-columns-is-layout-flex\">\n<div class=\"wp-block-column is-layout-flow wp-block-column-is-layout-flow\">\n<p><strong>BOKBINDAREN<\/strong><br>Bokbidaren \u00e4r en samf\u00e4llighet med 56 hush\u00e5ll och man blir automatiskt medlem n\u00e4r man flyttar in. Bokbindaren best\u00e5r av hush\u00e5llen p\u00e5 Buntmakarv\u00e4gen 1-111, udda nummer, Segeltorp i Huddinge Kommun.<\/p>\n<\/div>\n\n\n\n<div class=\"wp-block-column is-layout-flow wp-block-column-is-layout-flow\">\n<p><strong>SAMF\u00c4LLIGHETEN<\/strong><br>En samf\u00e4llighet \u00e4r en anl\u00e4ggning d\u00e4r vi tillsammans \u00e4ger och ansvarar f\u00f6r garagen, yttertaken p\u00e5 l\u00e4ngorna samt vissa g\u00e5ngv\u00e4gar och gr\u00f6nomr\u00e5den.<\/p>\n<\/div>\n<\/div>\n\n\n\n<div class=\"wp-block-columns is-layout-flex wp-container-core-columns-is-layout-9d6595d7 wp-block-columns-is-layout-flex\">\n<div class=\"wp-block-column is-layout-flow wp-block-column-is-layout-flow\">\n<p><strong>REDSKAP<\/strong><br>F\u00f6r att h\u00e5lla b\u00e5de gemensamma omr\u00e5det samt egna t\u00e4ppan i trim finns tr\u00e4dg\u00e5rdsredskap att l\u00e5na fr\u00e5n det gemensamma redskapsf\u00f6rr\u00e5det. Detta finns i den bakre garagel\u00e4ngan. Skriv upp p\u00e5 l\u00e5nelistan n\u00e4r du l\u00e5nar ett redskap.<\/p>\n<\/div>\n\n\n\n<div class=\"wp-block-column is-layout-flow wp-block-column-is-layout-flow\">\n<p><strong>ST\u00c4DLEDARE<\/strong><br>F\u00f6r varje st\u00e4domr\u00e5de finns en st\u00e4dledare. Dessa har till uppgift att ansvara f\u00f6r att ta fram ett st\u00e4d- och klippschema f\u00f6r sitt omr\u00e5de. Detta schema delas ut till alla hush\u00e5ll i respektive omr\u00e5de. Om Du ser n\u00e5got som \u00e4r trasigt anm\u00e4l detta till n\u00e5gon i styrelsen.<\/p>\n<\/div>\n<\/div>\n\n\n\n<div class=\"wp-block-columns is-layout-flex wp-container-core-columns-is-layout-9d6595d7 wp-block-columns-is-layout-flex\">\n<div class=\"wp-block-column is-layout-flow wp-block-column-is-layout-flow\">\n<p><strong>ST\u00c4DDAGAR<\/strong><br>F\u00f6r att det ska f\u00f6rbli ett fint omr\u00e5de d\u00e4r alla trivs har vi gemensamma st\u00e4ddagar tv\u00e5 g\u00e5nger per \u00e5r, en g\u00e5ng p\u00e5 v\u00e5ren och en p\u00e5 h\u00f6sten. F\u00f6rutom dessa tv\u00e5 dagar hj\u00e4lps vi \u00e5t \u00e5ret runt med till exempel att h\u00e5lla gr\u00e4smattor och rabatter i trim. Varje mindre omr\u00e5de i samf\u00e4lligheten ansvarar f\u00f6r sitt omr\u00e5de. Efter utr\u00e4ttat arbete i samband med st\u00e4ddagarna bjuds alla deltagare p\u00e5 l\u00e4ttare f\u00f6rt\u00e4ring.<\/p>\n<\/div>\n\n\n\n<div class=\"wp-block-column is-layout-flow wp-block-column-is-layout-flow\">\n<p><strong>SOPSORTERING<\/strong><br>Vid den \u00f6vre garagel\u00e4ngan finns m\u00f6jlighet till att sl\u00e4nga hush\u00e5llsavfall. Vid Uts\u00e4ljeledens b\u00f6rjan finns \u00e4ven uppsamlingsstation f\u00f6r tidningar, wellpapp, plastf\u00f6rpackningar och batterier. F\u00f6r grovsopor v\u00e4nligen bes\u00f6k n\u00e4rmast \u00c5tervinningscentral (information om detta finns p\u00e5 <a href=\"https:\/\/www.stockholmvattenochavfall.se\/har-lamnar-du-avfall\/lamna-avfall-privatperson\/har-lamnar-du-avfall\/atervinningscentral\/\">www.stockholmvattenochavfall.se<\/a>). Kontakta SRV f\u00f6r mer info om sophantering och eventuell bortforsling av sopor (<a href=\"https:\/\/www.srvatervinning.se\">https:\/\/www.srvatervinning.se<\/a>).<\/p>\n<\/div>\n<\/div>\n\n\n\n<div class=\"wp-block-columns is-layout-flex wp-container-core-columns-is-layout-9d6595d7 wp-block-columns-is-layout-flex\">\n<div class=\"wp-block-column is-layout-flow wp-block-column-is-layout-flow\">\n<p><strong>CONTAINER<\/strong><br>I samband med v\u00e5ra st\u00e4ddagar hyr vi en container som st\u00e4lls p\u00e5 parkeringen. I denna kan vi i m\u00e5n om plats sl\u00e4nga egna grovsopor dagen efter st\u00e4ddagen.<\/p>\n<\/div>\n\n\n\n<div class=\"wp-block-column is-layout-flow wp-block-column-is-layout-flow\">\n<p><strong>KABEL-TV<\/strong><br>Tillsammans med tre andra samf\u00e4lligheter har vi Kabel-TV fr\u00e5n Tele2. Kostnaden f\u00f6r detta ing\u00e5r i kvartalsavgiften.<\/p>\n<\/div>\n<\/div>\n\n\n\n<p><strong>TAK<\/strong><br>Taken \u00e4r gemensamma och byggdes om 1995 fr\u00e5n att ha varit helt platta till att ha en liten taknock. Taken byttes ut och lades om 2022<\/p>\n\n\n\n<p class=\"has-text-align-center\">Information om omr\u00e5det, trivsel och annan praktisk information finns att l\u00e4sa i v\u00e4lkomstbrevet \u201d<a href=\"https:\/\/bokbindaren.se\/wp-content\/uploads\/2025\/08\/Valkommen-till-Bokbindaren.pdf\">V\u00e4lkommen till Bokbindaren!<\/a>\u201d\u00a0<br>Varmt v\u00e4lkommen till samf\u00e4lligheten Bokbindaren.<\/p>\n","protected":false},"excerpt":{"rendered":"<p>BOKBINDARENBokbidaren \u00e4r en samf\u00e4llighet med 56 hush\u00e5ll och man blir automatiskt medlem n\u00e4r man flyttar in. Bokbindaren best\u00e5r av hush\u00e5llen p\u00e5 Buntmakarv\u00e4gen 1-111, udda nummer, Segeltorp i Huddinge Kommun. SAMF\u00c4LLIGHETENEn samf\u00e4llighet \u00e4r en anl\u00e4ggning d\u00e4r vi tillsammans \u00e4ger och ansvarar f\u00f6r garagen, yttertaken p\u00e5 l\u00e4ngorna samt vissa g\u00e5ngv\u00e4gar och gr\u00f6nomr\u00e5den. REDSKAPF\u00f6r att h\u00e5lla b\u00e5de gemensamma&#8230;<\/p>\n","protected":false},"author":1,"featured_media":0,"parent":926,"menu_order":0,"comment_status":"closed","ping_status":"open","template":"","meta":{"_kadence_starter_templates_imported_post":false,"_kad_post_transparent":"","_kad_post_title":"","_kad_post_layout":"","_kad_post_sidebar_id":"","_kad_post_content_style":"","_kad_post_vertical_padding":"","_kad_post_feature":"","_kad_post_feature_position":"","_kad_post_header":false,"_kad_post_footer":false,"_kad_post_classname":"","footnotes":""},"class_list":["post-25","page","type-page","status-publish","hentry"],"_links":{"self":[{"href":"https:\/\/bokbindaren.se\/index.php?rest_route=\/wp\/v2\/pages\/25","targetHints":{"allow":["GET"]}}],"collection":[{"href":"https:\/\/bokbindaren.se\/index.php?rest_route=\/wp\/v2\/pages"}],"about":[{"href":"https:\/\/bokbindaren.se\/index.php?rest_route=\/wp\/v2\/types\/page"}],"author":[{"embeddable":true,"href":"https:\/\/bokbindaren.se\/index.php?rest_route=\/wp\/v2\/users\/1"}],"replies":[{"embeddable":true,"href":"https:\/\/bokbindaren.se\/index.php?rest_route=%2Fwp%2Fv2%2Fcomments&post=25"}],"version-history":[{"count":13,"href":"https:\/\/bokbindaren.se\/index.php?rest_route=\/wp\/v2\/pages\/25\/revisions"}],"predecessor-version":[{"id":1131,"href":"https:\/\/bokbindaren.se\/index.php?rest_route=\/wp\/v2\/pages\/25\/revisions\/1131"}],"up":[{"embeddable":true,"href":"https:\/\/bokbindaren.se\/index.php?rest_route=\/wp\/v2\/pages\/926"}],"wp:attachment":[{"href":"https:\/\/bokbindaren.se\/index.php?rest_route=%2Fwp%2Fv2%2Fmedia&parent=25"}],"curies":[{"name":"wp","href":"https:\/\/api.w.org\/{rel}","templated":true}]}}