{"id":926,"date":"2021-09-07T10:50:28","date_gmt":"2021-09-07T10:50:28","guid":{"rendered":"https:\/\/kits.themecy.com\/memberships-3\/?page_id=5"},"modified":"2025-08-27T09:08:27","modified_gmt":"2025-08-27T08:08:27","slug":"home","status":"publish","type":"page","link":"https:\/\/bokbindaren.se\/","title":{"rendered":"Hem"},"content":{"rendered":"\n<div class=\"wp-block-cover\"><img loading=\"lazy\" decoding=\"async\" width=\"1024\" height=\"503\" class=\"wp-block-cover__image-background wp-image-334\" alt=\"\" src=\"https:\/\/bokbindaren.se\/wp-content\/uploads\/2016\/02\/Bild-Bokbindaren-1024x503.jpg\" data-object-fit=\"cover\" srcset=\"https:\/\/bokbindaren.se\/wp-content\/uploads\/2016\/02\/Bild-Bokbindaren-1024x503.jpg 1024w, https:\/\/bokbindaren.se\/wp-content\/uploads\/2016\/02\/Bild-Bokbindaren-300x147.jpg 300w, https:\/\/bokbindaren.se\/wp-content\/uploads\/2016\/02\/Bild-Bokbindaren-768x377.jpg 768w, https:\/\/bokbindaren.se\/wp-content\/uploads\/2016\/02\/Bild-Bokbindaren.jpg 1360w\" sizes=\"auto, (max-width: 1024px) 100vw, 1024px\" \/><span aria-hidden=\"true\" class=\"wp-block-cover__background has-background-dim\"><\/span><div class=\"wp-block-cover__inner-container is-layout-flow wp-block-cover-is-layout-flow\">\n<p class=\"has-text-align-center has-large-font-size\"><strong>V\u00c4LKOMMEN TILL SAMF\u00c4LLIGHETEN BOKBINDAREN<\/strong><\/p>\n<\/div><\/div>\n\n\n\n<h2 class=\"wp-block-heading has-text-align-center has-theme-palette-6-color has-text-color has-medium-font-size\"><strong>SAMF\u00c4LLIGHETEN BOKBINDAREN<\/strong><\/h2>\n\n\n\n<p class=\"has-text-align-center has-large-font-size\"><strong>OM OSS<\/strong><\/p>\n\n\n\n<p class=\"has-text-align-center\">Samf\u00e4lligheten Bokbindaren bildades \u00e5ret 1976 och best\u00e5r av 56 hush\u00e5ll och man blir automatiskt medlem n\u00e4r man flyttar in. Bokbindaren best\u00e5r av hush\u00e5llen p\u00e5 Buntmakarv\u00e4gen 1-111, udda nummer, Segeltorp i Huddinge Kommun.<\/p>\n\n\n\n<p class=\"has-text-align-center\">Information om omr\u00e5det, trivsel och annan praktisk information finns att l\u00e4sa i v\u00e4lkomstbrevet &#8221;<a href=\"https:\/\/bokbindaren.se\/wp-content\/uploads\/2025\/08\/Valkommen-till-Bokbindaren.pdf\">V\u00e4lkommen till Bokbindaren!<\/a>&#8221; <br>Varmt v\u00e4lkommen till samf\u00e4lligheten Bokbindaren<\/p>\n\n\n<style>.wp-block-kadence-spacer.kt-block-spacer-926_4cd61b-67 .kt-block-spacer{height:60px;}.wp-block-kadence-spacer.kt-block-spacer-926_4cd61b-67 .kt-divider{border-top-width:1px;height:1px;border-top-color:var(--global-palette1, #3182CE);width:80%;border-top-style:solid;}<\/style>\n<div class=\"wp-block-kadence-spacer aligncenter kt-block-spacer-926_4cd61b-67\"><div class=\"kt-block-spacer kt-block-spacer-halign-center\"><hr class=\"kt-divider\"\/><\/div><\/div>\n\n\n\n<h2 class=\"wp-block-heading has-text-align-center\"><strong>Senaste Nytt<\/strong><\/h2>\n\n\n\n<div class=\"wp-block-columns is-layout-flex wp-container-core-columns-is-layout-9d6595d7 wp-block-columns-is-layout-flex\">\n<div class=\"wp-block-column is-layout-flow wp-block-column-is-layout-flow\" style=\"flex-basis:100%\">\n<div class=\"wp-block-columns is-layout-flex wp-container-core-columns-is-layout-9d6595d7 wp-block-columns-is-layout-flex\">\n<div class=\"wp-block-column is-layout-flow wp-block-column-is-layout-flow\"><style>.kb-posts-id-926_8dece2-6b .kb-post-list-item{display:grid;}<\/style><ul class=\"wp-block-kadence-posts kb-posts kadence-posts-list kb-posts-id-926_8dece2-6b content-wrap grid-cols kb-posts-style-boxed grid-sm-col-1 grid-lg-col-2 item-image-style-above\"><li class=\"kb-post-list-item\">\n\t<article class=\"entry content-bg loop-entry post-1110 post type-post status-publish format-standard hentry category-handelse\">\n\t\t\t\t<div class=\"entry-content-wrap\">\n\t\t\t<header class=\"entry-header\">\n\t\t<div class=\"entry-taxonomies\">\n\t\t<span class=\"category-links term-links category-style-normal\">\n\t\t\t<a href=\"https:\/\/bokbindaren.se\/?cat=16\" class=\"category-link-handelse\" rel=\"tag\">H\u00e4ndelse<\/a>\t\t<\/span>\n\t<\/div><!-- .entry-taxonomies -->\n\t<h2 class=\"entry-title\"><a href=\"https:\/\/bokbindaren.se\/?p=1110\" rel=\"bookmark\">Info: Rutin kring hantering av fakturor<\/a><\/h2>\t<div class=\"entry-meta entry-meta-divider-dot\">\n\t<span class=\"posted-by\"><span class=\"meta-label\">By<\/span><span class=\"author vcard\"><span class=\"fn n\">admin<\/span><\/span><\/span>\t\t\t<span class=\"posted-on\">\n\t\t\t\t<time class=\"entry-date published\" datetime=\"2026-04-23T11:01:00+01:00\">23\/04\/2026<\/time><time class=\"updated\" datetime=\"2026-04-24T06:36:04+01:00\">24\/04\/2026<\/time>\t\t\t<\/span>\n\t\t\t\t<\/div><!-- .entry-meta -->\n\t<\/header><!-- .entry-header -->\n\t<div class=\"entry-summary\">\n\t\t<p>F\u00f6ljande rutin g\u00e4ller kring fakturahantering genom samf\u00e4lligheten: 1: Ordinarie faktura med ett f\u00f6rfallodatum skickas ut. 2:&#8230;<\/p>\n\t<\/div><!-- .entry-summary -->\n\t<footer class=\"entry-footer\">\n\t\t\t<div class=\"entry-actions\">\n\t\t\t<p class=\"more-link-wrap\">\n\t\t\t\t<a href=\"https:\/\/bokbindaren.se\/?p=1110\" class=\"post-more-link\">\n\t\t\t\t\tRead More<span class=\"screen-reader-text\"> Info: Rutin kring hantering av fakturor<\/span><span class=\"kadence-svg-iconset svg-baseline\"><svg aria-hidden=\"true\" class=\"kadence-svg-icon kadence-arrow-right-alt-svg\" fill=\"currentColor\" version=\"1.1\" xmlns=\"http:\/\/www.w3.org\/2000\/svg\" width=\"27\" height=\"28\" viewBox=\"0 0 27 28\"><title>Continue<\/title><path d=\"M27 13.953c0 0.141-0.063 0.281-0.156 0.375l-6 5.531c-0.156 0.141-0.359 0.172-0.547 0.094-0.172-0.078-0.297-0.25-0.297-0.453v-3.5h-19.5c-0.281 0-0.5-0.219-0.5-0.5v-3c0-0.281 0.219-0.5 0.5-0.5h19.5v-3.5c0-0.203 0.109-0.375 0.297-0.453s0.391-0.047 0.547 0.078l6 5.469c0.094 0.094 0.156 0.219 0.156 0.359v0z\"><\/path>\n\t\t\t<\/svg><\/span>\t\t\t\t<\/a>\n\t\t\t<\/p>\n\t\t<\/div><!-- .entry-actions -->\n\t\t<\/footer><!-- .entry-footer -->\t\t<\/div>\n\t<\/article>\n<\/li>\n<li class=\"kb-post-list-item\">\n\t<article class=\"entry content-bg loop-entry post-998 post type-post status-publish format-standard hentry category-handelse\">\n\t\t\t\t<div class=\"entry-content-wrap\">\n\t\t\t<header class=\"entry-header\">\n\t\t<div class=\"entry-taxonomies\">\n\t\t<span class=\"category-links term-links category-style-normal\">\n\t\t\t<a href=\"https:\/\/bokbindaren.se\/?cat=16\" class=\"category-link-handelse\" rel=\"tag\">H\u00e4ndelse<\/a>\t\t<\/span>\n\t<\/div><!-- .entry-taxonomies -->\n\t<h2 class=\"entry-title\"><a href=\"https:\/\/bokbindaren.se\/?p=998\" rel=\"bookmark\">St\u00e4ddag V\u00e5ren 2026<\/a><\/h2>\t<div class=\"entry-meta entry-meta-divider-dot\">\n\t<span class=\"posted-by\"><span class=\"meta-label\">By<\/span><span class=\"author vcard\"><span class=\"fn n\">admin<\/span><\/span><\/span>\t\t\t<span class=\"posted-on\">\n\t\t\t\t<time class=\"entry-date published\" datetime=\"2026-04-22T08:32:47+01:00\">22\/04\/2026<\/time><time class=\"updated\" datetime=\"2026-04-24T20:11:43+01:00\">24\/04\/2026<\/time>\t\t\t<\/span>\n\t\t\t\t<\/div><!-- .entry-meta -->\n\t<\/header><!-- .entry-header -->\n\t<div class=\"entry-summary\">\n\t\t<p>L\u00f6rdagen den 25:e april 2026 (samling kl 10:00 p\u00e5 svartaplan) anordnar Bokbindaren v\u00e5rens st\u00e4ddag d\u00e4r lunch&#8230;<\/p>\n\t<\/div><!-- .entry-summary -->\n\t<footer class=\"entry-footer\">\n\t\t\t<div class=\"entry-actions\">\n\t\t\t<p class=\"more-link-wrap\">\n\t\t\t\t<a href=\"https:\/\/bokbindaren.se\/?p=998\" class=\"post-more-link\">\n\t\t\t\t\tRead More<span class=\"screen-reader-text\"> St\u00e4ddag V\u00e5ren 2026<\/span><span class=\"kadence-svg-iconset svg-baseline\"><svg aria-hidden=\"true\" class=\"kadence-svg-icon kadence-arrow-right-alt-svg\" fill=\"currentColor\" version=\"1.1\" xmlns=\"http:\/\/www.w3.org\/2000\/svg\" width=\"27\" height=\"28\" viewBox=\"0 0 27 28\"><title>Continue<\/title><path d=\"M27 13.953c0 0.141-0.063 0.281-0.156 0.375l-6 5.531c-0.156 0.141-0.359 0.172-0.547 0.094-0.172-0.078-0.297-0.25-0.297-0.453v-3.5h-19.5c-0.281 0-0.5-0.219-0.5-0.5v-3c0-0.281 0.219-0.5 0.5-0.5h19.5v-3.5c0-0.203 0.109-0.375 0.297-0.453s0.391-0.047 0.547 0.078l6 5.469c0.094 0.094 0.156 0.219 0.156 0.359v0z\"><\/path>\n\t\t\t<\/svg><\/span>\t\t\t\t<\/a>\n\t\t\t<\/p>\n\t\t<\/div><!-- .entry-actions -->\n\t\t<\/footer><!-- .entry-footer -->\t\t<\/div>\n\t<\/article>\n<\/li>\n<li class=\"kb-post-list-item\">\n\t<article class=\"entry content-bg loop-entry post-994 post type-post status-publish format-standard hentry category-handelse\">\n\t\t\t\t<div class=\"entry-content-wrap\">\n\t\t\t<header class=\"entry-header\">\n\t\t<div class=\"entry-taxonomies\">\n\t\t<span class=\"category-links term-links category-style-normal\">\n\t\t\t<a href=\"https:\/\/bokbindaren.se\/?cat=16\" class=\"category-link-handelse\" rel=\"tag\">H\u00e4ndelse<\/a>\t\t<\/span>\n\t<\/div><!-- .entry-taxonomies -->\n\t<h2 class=\"entry-title\"><a href=\"https:\/\/bokbindaren.se\/?p=994\" rel=\"bookmark\">\u00c5rsst\u00e4mma 2026<\/a><\/h2>\t<div class=\"entry-meta entry-meta-divider-dot\">\n\t<span class=\"posted-by\"><span class=\"meta-label\">By<\/span><span class=\"author vcard\"><span class=\"fn n\">admin<\/span><\/span><\/span>\t\t\t<span class=\"posted-on\">\n\t\t\t\t<time class=\"entry-date published\" datetime=\"2026-03-25T07:00:00+01:00\">25\/03\/2026<\/time><time class=\"updated\" datetime=\"2026-03-25T20:05:13+01:00\">25\/03\/2026<\/time>\t\t\t<\/span>\n\t\t\t\t<\/div><!-- .entry-meta -->\n\t<\/header><!-- .entry-header -->\n\t<div class=\"entry-summary\">\n\t\t<p>Tid: Torsdag den 21:a maj 2026 kl:19:00 kommer Bokbindarens samf\u00e4llighetsf\u00f6rening att ha \u00e5rsst\u00e4mma. Plats: Garagel\u00e4ngan 35-43&#8230;<\/p>\n\t<\/div><!-- .entry-summary -->\n\t<footer class=\"entry-footer\">\n\t\t\t<div class=\"entry-actions\">\n\t\t\t<p class=\"more-link-wrap\">\n\t\t\t\t<a href=\"https:\/\/bokbindaren.se\/?p=994\" class=\"post-more-link\">\n\t\t\t\t\tRead More<span class=\"screen-reader-text\"> \u00c5rsst\u00e4mma 2026<\/span><span class=\"kadence-svg-iconset svg-baseline\"><svg aria-hidden=\"true\" class=\"kadence-svg-icon kadence-arrow-right-alt-svg\" fill=\"currentColor\" version=\"1.1\" xmlns=\"http:\/\/www.w3.org\/2000\/svg\" width=\"27\" height=\"28\" viewBox=\"0 0 27 28\"><title>Continue<\/title><path d=\"M27 13.953c0 0.141-0.063 0.281-0.156 0.375l-6 5.531c-0.156 0.141-0.359 0.172-0.547 0.094-0.172-0.078-0.297-0.25-0.297-0.453v-3.5h-19.5c-0.281 0-0.5-0.219-0.5-0.5v-3c0-0.281 0.219-0.5 0.5-0.5h19.5v-3.5c0-0.203 0.109-0.375 0.297-0.453s0.391-0.047 0.547 0.078l6 5.469c0.094 0.094 0.156 0.219 0.156 0.359v0z\"><\/path>\n\t\t\t<\/svg><\/span>\t\t\t\t<\/a>\n\t\t\t<\/p>\n\t\t<\/div><!-- .entry-actions -->\n\t\t<\/footer><!-- .entry-footer -->\t\t<\/div>\n\t<\/article>\n<\/li>\n<li class=\"kb-post-list-item\">\n\t<article class=\"entry content-bg loop-entry post-1050 post type-post status-publish format-standard hentry category-handelse\">\n\t\t\t\t<div class=\"entry-content-wrap\">\n\t\t\t<header class=\"entry-header\">\n\t\t<div class=\"entry-taxonomies\">\n\t\t<span class=\"category-links term-links category-style-normal\">\n\t\t\t<a href=\"https:\/\/bokbindaren.se\/?cat=16\" class=\"category-link-handelse\" rel=\"tag\">H\u00e4ndelse<\/a>\t\t<\/span>\n\t<\/div><!-- .entry-taxonomies -->\n\t<h2 class=\"entry-title\"><a href=\"https:\/\/bokbindaren.se\/?p=1050\" rel=\"bookmark\">Hj\u00e4rtstartaren<\/a><\/h2>\t<div class=\"entry-meta entry-meta-divider-dot\">\n\t<span class=\"posted-by\"><span class=\"meta-label\">By<\/span><span class=\"author vcard\"><span class=\"fn n\">admin<\/span><\/span><\/span>\t\t\t<span class=\"posted-on\">\n\t\t\t\t<time class=\"entry-date published\" datetime=\"2023-09-22T14:00:21+01:00\">22\/09\/2023<\/time><time class=\"updated\" datetime=\"2023-09-22T14:02:14+01:00\">22\/09\/2023<\/time>\t\t\t<\/span>\n\t\t\t\t<\/div><!-- .entry-meta -->\n\t<\/header><!-- .entry-header -->\n\t<div class=\"entry-summary\">\n\t\t<p>Den sitter nu uppe utanf\u00f6r sopprummet. Sk\u00e5pet \u00e4r plomberat med klisterm\u00e4rken p\u00e5 vardera sida. Om man&#8230;<\/p>\n\t<\/div><!-- .entry-summary -->\n\t<footer class=\"entry-footer\">\n\t\t\t<div class=\"entry-actions\">\n\t\t\t<p class=\"more-link-wrap\">\n\t\t\t\t<a href=\"https:\/\/bokbindaren.se\/?p=1050\" class=\"post-more-link\">\n\t\t\t\t\tRead More<span class=\"screen-reader-text\"> Hj\u00e4rtstartaren<\/span><span class=\"kadence-svg-iconset svg-baseline\"><svg aria-hidden=\"true\" class=\"kadence-svg-icon kadence-arrow-right-alt-svg\" fill=\"currentColor\" version=\"1.1\" xmlns=\"http:\/\/www.w3.org\/2000\/svg\" width=\"27\" height=\"28\" viewBox=\"0 0 27 28\"><title>Continue<\/title><path d=\"M27 13.953c0 0.141-0.063 0.281-0.156 0.375l-6 5.531c-0.156 0.141-0.359 0.172-0.547 0.094-0.172-0.078-0.297-0.25-0.297-0.453v-3.5h-19.5c-0.281 0-0.5-0.219-0.5-0.5v-3c0-0.281 0.219-0.5 0.5-0.5h19.5v-3.5c0-0.203 0.109-0.375 0.297-0.453s0.391-0.047 0.547 0.078l6 5.469c0.094 0.094 0.156 0.219 0.156 0.359v0z\"><\/path>\n\t\t\t<\/svg><\/span>\t\t\t\t<\/a>\n\t\t\t<\/p>\n\t\t<\/div><!-- .entry-actions -->\n\t\t<\/footer><!-- .entry-footer -->\t\t<\/div>\n\t<\/article>\n<\/li>\n<\/ul><\/div>\n<\/div>\n<\/div>\n<\/div>\n","protected":false},"excerpt":{"rendered":"<p>SAMF\u00c4LLIGHETEN BOKBINDAREN OM OSS Samf\u00e4lligheten Bokbindaren bildades \u00e5ret 1976 och best\u00e5r av 56 hush\u00e5ll och man blir automatiskt medlem n\u00e4r man flyttar in. Bokbindaren best\u00e5r av hush\u00e5llen p\u00e5 Buntmakarv\u00e4gen 1-111, udda nummer, Segeltorp i Huddinge Kommun. Information om omr\u00e5det, trivsel och annan praktisk information finns att l\u00e4sa i v\u00e4lkomstbrevet &#8221;V\u00e4lkommen till Bokbindaren!&#8221; Varmt v\u00e4lkommen till&#8230;<\/p>\n","protected":false},"author":17,"featured_media":0,"parent":0,"menu_order":0,"comment_status":"open","ping_status":"closed","template":"","meta":{"_kadence_starter_templates_imported_post":true,"_kad_post_transparent":"","_kad_post_title":"hide","_kad_post_layout":"fullwidth","_kad_post_sidebar_id":"","_kad_post_content_style":"unboxed","_kad_post_vertical_padding":"hide","_kad_post_feature":"hide","_kad_post_feature_position":"","_kad_post_header":false,"_kad_post_footer":false,"_kad_post_classname":"","footnotes":""},"class_list":["post-926","page","type-page","status-publish","hentry"],"_links":{"self":[{"href":"https:\/\/bokbindaren.se\/index.php?rest_route=\/wp\/v2\/pages\/926","targetHints":{"allow":["GET"]}}],"collection":[{"href":"https:\/\/bokbindaren.se\/index.php?rest_route=\/wp\/v2\/pages"}],"about":[{"href":"https:\/\/bokbindaren.se\/index.php?rest_route=\/wp\/v2\/types\/page"}],"author":[{"embeddable":true,"href":"https:\/\/bokbindaren.se\/index.php?rest_route=\/wp\/v2\/users\/17"}],"replies":[{"embeddable":true,"href":"https:\/\/bokbindaren.se\/index.php?rest_route=%2Fwp%2Fv2%2Fcomments&post=926"}],"version-history":[{"count":17,"href":"https:\/\/bokbindaren.se\/index.php?rest_route=\/wp\/v2\/pages\/926\/revisions"}],"predecessor-version":[{"id":1132,"href":"https:\/\/bokbindaren.se\/index.php?rest_route=\/wp\/v2\/pages\/926\/revisions\/1132"}],"wp:attachment":[{"href":"https:\/\/bokbindaren.se\/index.php?rest_route=%2Fwp%2Fv2%2Fmedia&parent=926"}],"curies":[{"name":"wp","href":"https:\/\/api.w.org\/{rel}","templated":true}]}}